{"id":3600,"date":"2018-02-17T12:33:56","date_gmt":"2018-02-17T12:33:56","guid":{"rendered":"https:\/\/samymrena.fi\/?page_id=3600"},"modified":"2021-03-16T20:59:30","modified_gmt":"2021-03-16T20:59:30","slug":"videot-ja-artikkelit","status":"publish","type":"page","link":"https:\/\/samymrena.fi\/en\/videot-ja-artikkelit\/","title":{"rendered":"VIDEOT JA ARTIKKELIT"},"content":{"rendered":"<div class=\"wpb-content-wrapper\"><p>[vc_row full_width=&#8221;stretch_row&#8221; content_placement=&#8221;top&#8221; css=&#8221;.vc_custom_1518872237774{margin-top: 0px !important;border-top-width: 0px !important;padding-top: 0px !important;background-color: #ffffff !important;}&#8221;][vc_column width=&#8221;1\/2&#8243; css=&#8221;.vc_custom_1518874738525{margin-top: 0px !important;border-top-width: 0px !important;padding-top: 0px !important;padding-bottom: 80px !important;}&#8221;][vc_column_text]<\/p>\n<h1>HUOMENTA SUOMI<\/h1>\n<p>[\/vc_column_text][vc_empty_space height=&#8221;30px&#8221;][vc_video link=&#8221;https:\/\/youtu.be\/dmwRgUOvhCg&#8221;][vc_empty_space height=&#8221;60px&#8221;][\/vc_column][vc_column parallax=&#8221;content-moving&#8221; width=&#8221;1\/2&#8243; css=&#8221;.vc_custom_1518874104537{margin-top: 0px !important;border-top-width: 0px !important;padding-top: 0px !important;padding-bottom: 10px !important;}&#8221;][vc_column_text]<\/p>\n<h1>N\u00c4K\u00d6 JA DIABETES<\/h1>\n<p>[\/vc_column_text][vc_empty_space height=&#8221;30px&#8221;][vc_video link=&#8221;https:\/\/youtu.be\/b33gbHFFCmI&#8221;][vc_empty_space height=&#8221;30px&#8221;][vc_empty_space height=&#8221;20px&#8221;][\/vc_column][\/vc_row][vc_row full_width=&#8221;stretch_row&#8221; content_placement=&#8221;top&#8221; css=&#8221;.vc_custom_1518872237774{margin-top: 0px !important;border-top-width: 0px !important;padding-top: 0px !important;background-color: #ffffff !important;}&#8221;][vc_column width=&#8221;1\/2&#8243; css=&#8221;.vc_custom_1556436202757{margin-top: 0px !important;border-top-width: 0px !important;padding-top: 35px !important;padding-bottom: 80px !important;}&#8221;][vc_column_text]<\/p>\n<h1>AKUUTTI: N\u00c4K\u00d6KYKY PAREMMAKSI<\/h1>\n<p>[\/vc_column_text][vc_empty_space height=&#8221;30px&#8221;][vc_single_image image=&#8221;4864&#8243; img_size=&#8221;1920x1080px&#8221; onclick=&#8221;custom_link&#8221; img_link_target=&#8221;_blank&#8221; link=&#8221;https:\/\/areena.yle.fi\/1-50640936&#8243;][vc_empty_space height=&#8221;30px&#8221;][vc_column_text]<\/p>\n<h1>RETINOPATIAN HOITO<\/h1>\n<p>[\/vc_column_text][vc_empty_space height=&#8221;30px&#8221;][vc_video link=&#8221;https:\/\/youtu.be\/k22DJtf5KWc&#8221;][vc_empty_space height=&#8221;30px&#8221;][\/vc_column][vc_column width=&#8221;1\/2&#8243;][vc_column_text]<\/p>\n<h1>KAIHILEIKKAUKSEN J\u00c4LKEEN<\/h1>\n<p>[\/vc_column_text][vc_empty_space height=&#8221;30px&#8221;][vc_video link=&#8221;https:\/\/youtu.be\/hPAQkk8w8VI&#8221;][vc_empty_space height=&#8221;30px&#8221;][vc_empty_space height=&#8221;30px&#8221;][vc_empty_space height=&#8221;30px&#8221;][vc_video link=&#8221;https:\/\/youtu.be\/8Knh4vM2SzE&#8221;][vc_empty_space height=&#8221;10px&#8221;][vc_empty_space height=&#8221;30px&#8221;][\/vc_column][\/vc_row][vc_row full_width=&#8221;stretch_row&#8221; css=&#8221;.vc_custom_1518874643644{background-color: #dfdede !important;}&#8221;][vc_column css=&#8221;.vc_custom_1518874129524{padding-top: 60px !important;padding-bottom: 60px !important;}&#8221;][vc_column_text]<\/p>\n<h1>POTILASOHJEET<\/h1>\n<p>[\/vc_column_text][vc_empty_space height=&#8221;30px&#8221;][vc_tta_accordion color=&#8221;white&#8221; active_section=&#8221;1&#8243;][vc_tta_section title=&#8221;KAIHILEIKKAUS&#8221; tab_id=&#8221;1518873460790-e1ece221-f1f4&#8243;][vc_empty_space height=&#8221;20px&#8221;][vc_column_text]Tietoa kaihileikkauksesta.[\/vc_column_text][vc_empty_space height=&#8221;20px&#8221;]<a class=\"samy-btn btn-primary-radius btn-sm\" href=\"https:\/\/samymrena.fi\/wp-content\/uploads\/2018\/03\/Valo_Kaihiesite.pdf\" target=\"_blank\" rel=\"noopener noreferrer\" style=\"border-radius:6px;\">LATAA<\/a>[\/vc_tta_section][vc_tta_section title=&#8221;LASERLEIKKAUS&#8221; tab_id=&#8221;1518873460867-34a9e65a-9092&#8243;][vc_empty_space height=&#8221;20px&#8221;][vc_column_text]Tietoa laserleikkauksesta[\/vc_column_text][vc_empty_space height=&#8221;20px&#8221;]<a class=\"samy-btn btn-primary-radius btn-sm\" href=\"https:\/\/samymrena.fi\/wp-content\/uploads\/2018\/03\/Valo_LaserEsite.pdf\" target=\"_blank\" rel=\"noopener noreferrer\" style=\"border-radius:6px;\">LATAA<\/a>[\/vc_tta_section][vc_tta_section title=&#8221;GLAUKOOMALEIKKAUS&#8221; tab_id=&#8221;1519978317851-371c0388-0e08&#8243;][vc_empty_space height=&#8221;20px&#8221;][vc_column_text]Tietoa glaukoomasta.[\/vc_column_text][vc_empty_space height=&#8221;20px&#8221;]<a class=\"samy-btn btn-primary-radius btn-sm\" href=\"https:\/\/samymrena.fi\/wp-content\/uploads\/2018\/03\/Valo_Glaukoomaesite.pdf\" target=\"_blank\" rel=\"noopener noreferrer\" style=\"border-radius:6px;\">LATAA<\/a>[\/vc_tta_section][vc_tta_section title=&#8221;AMSLERIN KARTTA&#8221; tab_id=&#8221;1519978161417-9607784e-ffa9&#8243;][vc_empty_space height=&#8221;20px&#8221;][vc_column_text]Amslerin kartta &#8211; kotitesti keskeisen silm\u00e4npohjan arviointiin mm. ik\u00e4rappeumassa[\/vc_column_text][vc_empty_space height=&#8221;20px&#8221;]<a class=\"samy-btn btn-primary-radius btn-sm\" href=\"https:\/\/samymrena.fi\/wp-content\/uploads\/2018\/03\/Valo_Amslerin_kartta.pdf\" target=\"_blank\" rel=\"noopener noreferrer\" style=\"border-radius:6px;\">LATAA<\/a>[\/vc_tta_section][vc_tta_section title=&#8221;LUOMIREUNAN HOITO&#8221; tab_id=&#8221;1519978405451-c5af25a1-176a&#8221;][vc_empty_space height=&#8221;20px&#8221;][vc_column_text]Luomireunan tulehduksen kotihoito-ohje PDF:n\u00e4[\/vc_column_text][vc_empty_space height=&#8221;20px&#8221;]<a class=\"samy-btn btn-primary-radius btn-sm\" href=\"https:\/\/samymrena.fi\/wp-content\/uploads\/2018\/03\/Valo_Luomenreunan_Tulehdus.pdf\" target=\"_blank\" rel=\"noopener noreferrer\" style=\"border-radius:6px;\">LATAA<\/a>[\/vc_tta_section][vc_tta_section title=&#8221;LASIAISEN IRTAUMA&#8221; tab_id=&#8221;1519978541375-85ef5d20-f70a&#8221;][vc_empty_space height=&#8221;20px&#8221;][vc_column_text]Tietoa lasiaisen irtaumasta PDF:n\u00e4[\/vc_column_text][vc_empty_space height=&#8221;20px&#8221;]<a class=\"samy-btn btn-primary-radius btn-sm\" href=\"https:\/\/samymrena.fi\/wp-content\/uploads\/2018\/03\/Valo_Lasiaisen_irtauma.pdf\" target=\"_blank\" rel=\"noopener noreferrer\" style=\"border-radius:6px;\">LATAA<\/a>[\/vc_tta_section][\/vc_tta_accordion][\/vc_column][\/vc_row][vc_row full_width=&#8221;stretch_row&#8221; css=&#8221;.vc_custom_1518874643644{background-color: #dfdede !important;}&#8221;][vc_column css=&#8221;.vc_custom_1518874129524{padding-top: 60px !important;padding-bottom: 60px !important;}&#8221;][vc_column_text]<\/p>\n<h1>ARTIKKELEITA<\/h1>\n<p>[\/vc_column_text][vc_empty_space height=&#8221;30px&#8221;][vc_tta_accordion color=&#8221;white&#8221; active_section=&#8221;1&#8243;][vc_tta_section i_type=&#8221;material&#8221; i_icon_material=&#8221;vc-material vc-material-format_indent_increase&#8221; add_icon=&#8221;true&#8221; title=&#8221;10 KYSYMYST\u00c4 KAIHISTA&#8221; tab_id=&#8221;1525767093862-254c8214-c0fd&#8221;][vc_empty_space height=&#8221;20px&#8221;][vc_column_text]&#8221;Kaihi on yksi yleisimmist\u00e4 silm\u00e4sairauksista, ja jopa yli kolmasosalla kaikista yli 65-vuotiaista on haittaava kaihi. Kaihin ainoa hoito on leikkaus&#8230;.&#8221;[\/vc_column_text][vc_empty_space height=&#8221;20px&#8221;]<a class=\"samy-btn btn-primary-radius btn-sm\" href=\"https:\/\/samymrena.fi\/silmien-taittovirheleikkaukset\/\" target=\"_blank\" rel=\"noopener noreferrer\" style=\"border-radius:6px;\">LUE ARTIKKELI<\/a>[\/vc_tta_section][vc_tta_section title=&#8221;MITEN RASKAUS VAIKUTTAA N\u00c4K\u00d6\u00d6N?&#8221; tab_id=&#8221;1519977751881-7ac304a6-7315&#8243;][vc_empty_space height=&#8221;20px&#8221;][vc_column_text]\u201cRaskaus aiheuttaa muutoksia koko elimist\u00f6\u00f6n \u2013 n\u00e4in ollen my\u00f6s odottajan silmiin. Muutokset voivat olla kosmeettisia tai silm\u00e4n n\u00e4k\u00f6kykyyn liittyvi\u00e4. Joskus esimerkiksi silm\u00e4n taittovoimaan aiheutuu pysyvi\u00e4 muutoksia&#8230;\u201d[\/vc_column_text][vc_empty_space height=&#8221;20px&#8221;]<a class=\"samy-btn btn-primary-radius btn-sm\" href=\"https:\/\/www.vau.fi\/raskaus\/raskausoireet\/silmat-raskausaikana-miten-raskaus-vaikuttaa-nakoon\/\" target=\"_blank\" rel=\"noopener noreferrer\" style=\"border-radius:6px;\">LUE ARTIKKELI<\/a>[\/vc_tta_section][vc_tta_section i_type=&#8221;material&#8221; i_icon_material=&#8221;vc-material vc-material-format_indent_increase&#8221; add_icon=&#8221;true&#8221; title=&#8221;P\u00c4IV\u00c4NI N\u00c4KEMISEN JA SILM\u00c4TERVEYDEN AMMATTILAISENA&#8221; tab_id=&#8221;1519977752076-eebc9b78-7b0b&#8221;][vc_empty_space height=&#8221;20px&#8221;][vc_column_text]&#8221;Arkip\u00e4iv\u00e4ni nelj\u00e4n pienen lapsen is\u00e4n\u00e4 ja silm\u00e4kirurgina alkaa yleens\u00e4 juuri p\u00e4invastoin kuin viikonloppuna. Viikonloppuisin kuudelta her\u00e4\u00e4v\u00e4t ilopillerit on kiskottava viikolla s\u00e4ngyst\u00e4 yl\u00f6s seitsem\u00e4lt\u00e4&#8230;&#8221;[\/vc_column_text][vc_empty_space height=&#8221;20px&#8221;]<a class=\"samy-btn btn-primary-radius btn-sm\" href=\"https:\/\/samymrena.fi\/wp-content\/uploads\/2018\/02\/paivani_nakemisen.pdf\" target=\"_blank\" rel=\"noopener noreferrer\" style=\"border-radius:6px;\">LUE ARTIKKELI<\/a>[\/vc_tta_section][vc_tta_section title=&#8221;SILMIEN TAITTOVIRHELEIKKAUKSET&#8221; tab_id=&#8221;1615501191672-200e9c2c-bba9&#8243;][vc_empty_space height=&#8221;20px&#8221;][vc_column_text]Silmien laserleikkaus on yksi taittovirhekirurgian menetelmist\u00e4. Silmien taittovirhekirurgia tarkoittaa silm\u00e4l\u00e4\u00e4k\u00e4rin suorittamaa leikkausta, jossa korjataan erilaisten silm\u00e4n taittovikojen (kuten likin\u00e4k\u00f6isyys, kaukotaitteisuus ja ik\u00e4n\u00e4k\u00f6) aiheuttamaa ep\u00e4tarkkaa n\u00e4k\u00f6\u00e4.[\/vc_column_text][vc_empty_space height=&#8221;20px&#8221;]<a class=\"samy-btn btn-primary-radius btn-sm\" href=\"https:\/\/samymrena.fi\/silmien-taittovirheleikkaukset\/\" style=\"border-radius:6px;\">LUE ARTIKKELI<\/a>[\/vc_tta_section][vc_tta_section title=&#8221;YLE: SAAKO AURINKOON KATSOA, ENT\u00c4 PARANTAAKO PORKKANAN SY\u00d6MINEN N\u00c4K\u00d6\u00c4? KUUSI V\u00c4ITT\u00c4M\u00c4\u00c4 N\u00c4\u00d6ST\u00c4 JA VASTAUKSET NIIHIN&#8221; tab_id=&#8221;1615836425334-9918fe27-31d7&#8243;][vc_empty_space height=&#8221;20px&#8221;][vc_column_text]Selvitimme yleisimpien silmiin liittyvien uskomusten totuuspohjan. N\u00e4k\u00f6kyky\u00e4 voi varjella muutamalla niksill\u00e4, mutta voiko koko ajan yleistyv\u00e4\u00e4 likin\u00e4k\u00f6\u00e4 ennaltaehk\u00e4ist\u00e4?[\/vc_column_text][vc_empty_space height=&#8221;20px&#8221;]<a class=\"samy-btn btn-primary-radius btn-sm\" href=\"https:\/\/yle.fi\/aihe\/artikkeli\/2021\/03\/09\/saako-aurinkoon-katsoa-enta-parantaako-porkkanan-syominen-nakoa-kuusi-vaittamaa?utm_source=social-media-share&#038;utm_medium=social&#038;utm_campaign=ylefiapp\" target=\"_blank\" rel=\"noopener noreferrer\" style=\"border-radius:6px;\">LUE ARTIKKELI<\/a>[\/vc_tta_section][\/vc_tta_accordion][\/vc_column][\/vc_row][vc_row][vc_column][\/vc_column][\/vc_row][vc_row][vc_column][\/vc_column][\/vc_row]<\/p>\n<\/div>","protected":false},"excerpt":{"rendered":"<p>[vc_row full_width=&#8221;stretch_row&#8221; content_placement=&#8221;top&#8221; css=&#8221;.vc_custom_1518872237774{margin-top: 0px !important;border-top-width: 0px !important;padding-top: 0px !important;background-color: #ffffff !important;}&#8221;][vc_column width=&#8221;1\/2&#8243; css=&#8221;.vc_custom_1518874738525{margin-top: 0px !important;border-top-width: 0px !important;padding-top: 0px !important;padding-bottom: 80px !important;}&#8221;][vc_column_text] HUOMENTA SUOMI [\/vc_column_text][vc_empty_space [&hellip;]<\/p>\n","protected":false},"author":7,"featured_media":0,"parent":0,"menu_order":0,"comment_status":"closed","ping_status":"closed","template":"","meta":{"footnotes":""},"class_list":["post-3600","page","type-page","status-publish","hentry"],"_links":{"self":[{"href":"https:\/\/samymrena.fi\/en\/wp-json\/wp\/v2\/pages\/3600","targetHints":{"allow":["GET"]}}],"collection":[{"href":"https:\/\/samymrena.fi\/en\/wp-json\/wp\/v2\/pages"}],"about":[{"href":"https:\/\/samymrena.fi\/en\/wp-json\/wp\/v2\/types\/page"}],"author":[{"embeddable":true,"href":"https:\/\/samymrena.fi\/en\/wp-json\/wp\/v2\/users\/7"}],"replies":[{"embeddable":true,"href":"https:\/\/samymrena.fi\/en\/wp-json\/wp\/v2\/comments?post=3600"}],"version-history":[{"count":52,"href":"https:\/\/samymrena.fi\/en\/wp-json\/wp\/v2\/pages\/3600\/revisions"}],"predecessor-version":[{"id":4869,"href":"https:\/\/samymrena.fi\/en\/wp-json\/wp\/v2\/pages\/3600\/revisions\/4869"}],"wp:attachment":[{"href":"https:\/\/samymrena.fi\/en\/wp-json\/wp\/v2\/media?parent=3600"}],"curies":[{"name":"wp","href":"https:\/\/api.w.org\/{rel}","templated":true}]}}