{"id":4597,"date":"2018-03-21T08:24:15","date_gmt":"2018-03-21T08:24:15","guid":{"rendered":"https:\/\/samymrena.fi\/?page_id=4597"},"modified":"2018-03-21T08:24:15","modified_gmt":"2018-03-21T08:24:15","slug":"kaytamme-evasteita","status":"publish","type":"page","link":"https:\/\/samymrena.fi\/en\/kaytamme-evasteita\/","title":{"rendered":"K\u00e4yt\u00e4mme ev\u00e4steit\u00e4"},"content":{"rendered":"<div class=\"wpb-content-wrapper\"><p>[vc_row][vc_column width=&#8221;1\/4&#8243;][\/vc_column][vc_column width=&#8221;1\/2&#8243; css=&#8221;.vc_custom_1521620119252{margin-top: 60px !important;}&#8221;][vc_column_text]<strong>Ev\u00e4steet<\/strong><\/p>\n<p>K\u00e4yt\u00e4mme sivustolla ev\u00e4steit\u00e4. Ev\u00e4ste on pieni, k\u00e4ytt\u00e4j\u00e4n tietokoneelle l\u00e4hetett\u00e4v\u00e4 tekstitiedosto, joka mahdollistaa k\u00e4ytt\u00e4j\u00e4tietojen ker\u00e4yksen. N\u00e4it\u00e4 tietoja ovat muun muassa\u00a0IP-osoite, kellonaika, selaintyyppi, mist\u00e4 verkko-osoitteesta k\u00e4ytt\u00e4j\u00e4 on tullut kyseiselle verkkosivulle, milt\u00e4 palvelimelta k\u00e4ytt\u00e4j\u00e4 on tullut verkkosivulle, mist\u00e4 verkkotunnuksesta k\u00e4ytt\u00e4j\u00e4 on tullut verkkosivulle.<\/p>\n<p>K\u00e4yt\u00e4mme ev\u00e4steit\u00e4 verkkosivuanalytiikkaan, jotta voimme parantaa sivujen palvelua. Ev\u00e4steet eiv\u00e4t vahingoita k\u00e4ytt\u00e4jien tietokoneita.\u00a0Ev\u00e4ste toiminto on mahdollista kytke\u00e4 pois useassa selainohjelmassa.[\/vc_column_text][\/vc_column][vc_column width=&#8221;1\/4&#8243;][\/vc_column][\/vc_row]<\/p>\n<\/div>","protected":false},"excerpt":{"rendered":"<p>[vc_row][vc_column width=&#8221;1\/4&#8243;][\/vc_column][vc_column width=&#8221;1\/2&#8243; css=&#8221;.vc_custom_1521620119252{margin-top: 60px !important;}&#8221;][vc_column_text]Ev\u00e4steet K\u00e4yt\u00e4mme sivustolla ev\u00e4steit\u00e4. Ev\u00e4ste on pieni, k\u00e4ytt\u00e4j\u00e4n tietokoneelle l\u00e4hetett\u00e4v\u00e4 tekstitiedosto, joka mahdollistaa k\u00e4ytt\u00e4j\u00e4tietojen ker\u00e4yksen. N\u00e4it\u00e4 tietoja ovat muun muassa\u00a0IP-osoite, [&hellip;]<\/p>\n","protected":false},"author":7,"featured_media":0,"parent":0,"menu_order":0,"comment_status":"closed","ping_status":"closed","template":"..\/public\/views\/revslider-page-template.php","meta":{"footnotes":""},"class_list":["post-4597","page","type-page","status-publish","hentry"],"_links":{"self":[{"href":"https:\/\/samymrena.fi\/en\/wp-json\/wp\/v2\/pages\/4597","targetHints":{"allow":["GET"]}}],"collection":[{"href":"https:\/\/samymrena.fi\/en\/wp-json\/wp\/v2\/pages"}],"about":[{"href":"https:\/\/samymrena.fi\/en\/wp-json\/wp\/v2\/types\/page"}],"author":[{"embeddable":true,"href":"https:\/\/samymrena.fi\/en\/wp-json\/wp\/v2\/users\/7"}],"replies":[{"embeddable":true,"href":"https:\/\/samymrena.fi\/en\/wp-json\/wp\/v2\/comments?post=4597"}],"version-history":[{"count":4,"href":"https:\/\/samymrena.fi\/en\/wp-json\/wp\/v2\/pages\/4597\/revisions"}],"predecessor-version":[{"id":4601,"href":"https:\/\/samymrena.fi\/en\/wp-json\/wp\/v2\/pages\/4597\/revisions\/4601"}],"wp:attachment":[{"href":"https:\/\/samymrena.fi\/en\/wp-json\/wp\/v2\/media?parent=4597"}],"curies":[{"name":"wp","href":"https:\/\/api.w.org\/{rel}","templated":true}]}}