{"id":4632,"date":"2019-04-23T10:38:39","date_gmt":"2019-04-23T10:38:39","guid":{"rendered":"https:\/\/samymrena.fi\/?page_id=4632"},"modified":"2019-05-30T11:19:47","modified_gmt":"2019-05-30T11:19:47","slug":"ajankohtaista","status":"publish","type":"page","link":"https:\/\/samymrena.fi\/sv\/ajankohtaista\/","title":{"rendered":"Nyheter"},"content":{"rendered":"<div class=\"wpb-content-wrapper\"><p>[vc_row content_placement=&#8221;top&#8221; css=&#8221;.vc_custom_1518957166448{background-color: #ffffff !important;}&#8221;][vc_column width=&#8221;2\/3&#8243; css=&#8221;.vc_custom_1518870204235{margin-top: 0px !important;border-top-width: 0px !important;padding-top: 0px !important;padding-bottom: 40px !important;}&#8221;][vc_empty_space height=&#8221;40px&#8221;][vc_column_text]<\/p>\n<h1 id=\"page-article-content\" class=\"article-title\">Suomessa tehd\u00e4\u00e4n vuosittain 15\u00a0000 silmien laserleikkausta, kaikilla ei kuitenkaan ole realistisia odotuksia<\/h1>\n<p>[\/vc_column_text][vc_empty_space height=&#8221;20px&#8221;][vc_column_text]<\/p>\n<h3 class=\"article-ingress\">Silm\u00e4leikkausten suosio on laskenut ja vakiintunut 2000-luvun huippuvuosista.<\/h3>\n<p>[\/vc_column_text][vc_empty_space height=&#8221;40px&#8221;][vc_column_text]Lue artikkeli: <a href=\"https:\/\/www.hs.fi\/kotimaa\/art-2000006079686.html?share=6a13cc3f29ef2db3044307763385e545\" target=\"_blank\" rel=\"noopener noreferrer\">www.hs.fi<\/a>[\/vc_column_text][\/vc_column][vc_column width=&#8221;1\/3&#8243;][vc_single_image image=&#8221;4644&#8243; img_size=&#8221;medium&#8221;][\/vc_column][vc_column css=&#8221;.vc_custom_1556439322891{padding-bottom: 20px !important;}&#8221;][vc_separator color=&#8221;black&#8221;][\/vc_column][\/vc_row][vc_row content_placement=&#8221;top&#8221; css=&#8221;.vc_custom_1556439518972{background-color: #ffffff !important;}&#8221;][vc_column][vc_column_text css=&#8221;.vc_custom_1556439447257{padding-bottom: 20px !important;}&#8221;]<\/p>\n<h1 class=\"article-title\">Mie t\u00e4\u00e4ll\u00e4 &#8211; kaihileikkauksen j\u00e4lkeen<\/h1>\n<p>[\/vc_column_text][\/vc_column][vc_column width=&#8221;1\/2&#8243; css=&#8221;.vc_custom_1518870204235{margin-top: 0px !important;border-top-width: 0px !important;padding-top: 0px !important;padding-bottom: 40px !important;}&#8221;][cms_videopopup video_url=&#8221;https:\/\/samymrena.fi\/wp-content\/uploads\/2019\/04\/kaihileikkauksen_jalkeen1.mp4&#8243; intro_custom=&#8221;yes&#8221; video_intro=&#8221;4655&#8243;][\/vc_column][vc_column width=&#8221;1\/2&#8243; css=&#8221;.vc_custom_1556439225769{margin-top: 0px !important;border-top-width: 0px !important;padding-top: 0px !important;padding-bottom: 40px !important;}&#8221;][cms_videopopup video_url=&#8221;https:\/\/samymrena.fi\/wp-content\/uploads\/2019\/04\/kaihileikkauksen_jalkeen2.mp4&#8243; intro_custom=&#8221;yes&#8221; video_intro=&#8221;4656&#8243;][\/vc_column][\/vc_row][vc_row][vc_column width=&#8221;1\/2&#8243;][vc_empty_space height=&#8221;20px&#8221;][cms_videopopup video_url=&#8221;https:\/\/samymrena.fi\/wp-content\/uploads\/2019\/05\/Mie-t\u00e4\u00e4ll\u00e4-kaihileikkaus.mp4&#8243; intro_custom=&#8221;yes&#8221; video_intro=&#8221;4666&#8243;][\/vc_column][vc_column width=&#8221;1\/2&#8243;][\/vc_column][\/vc_row]<\/p>\n<\/div>","protected":false},"excerpt":{"rendered":"<p>[vc_row content_placement=&#8221;top&#8221; css=&#8221;.vc_custom_1518957166448{background-color: #ffffff !important;}&#8221;][vc_column width=&#8221;2\/3&#8243; css=&#8221;.vc_custom_1518870204235{margin-top: 0px !important;border-top-width: 0px !important;padding-top: 0px !important;padding-bottom: 40px !important;}&#8221;][vc_empty_space height=&#8221;40px&#8221;][vc_column_text] Suomessa tehd\u00e4\u00e4n vuosittain 15\u00a0000 silmien laserleikkausta, kaikilla ei kuitenkaan [&hellip;]<\/p>\n","protected":false},"author":7,"featured_media":0,"parent":0,"menu_order":0,"comment_status":"closed","ping_status":"closed","template":"","meta":{"footnotes":""},"class_list":["post-4632","page","type-page","status-publish","hentry"],"_links":{"self":[{"href":"https:\/\/samymrena.fi\/sv\/wp-json\/wp\/v2\/pages\/4632","targetHints":{"allow":["GET"]}}],"collection":[{"href":"https:\/\/samymrena.fi\/sv\/wp-json\/wp\/v2\/pages"}],"about":[{"href":"https:\/\/samymrena.fi\/sv\/wp-json\/wp\/v2\/types\/page"}],"author":[{"embeddable":true,"href":"https:\/\/samymrena.fi\/sv\/wp-json\/wp\/v2\/users\/7"}],"replies":[{"embeddable":true,"href":"https:\/\/samymrena.fi\/sv\/wp-json\/wp\/v2\/comments?post=4632"}],"version-history":[{"count":13,"href":"https:\/\/samymrena.fi\/sv\/wp-json\/wp\/v2\/pages\/4632\/revisions"}],"predecessor-version":[{"id":4669,"href":"https:\/\/samymrena.fi\/sv\/wp-json\/wp\/v2\/pages\/4632\/revisions\/4669"}],"wp:attachment":[{"href":"https:\/\/samymrena.fi\/sv\/wp-json\/wp\/v2\/media?parent=4632"}],"curies":[{"name":"wp","href":"https:\/\/api.w.org\/{rel}","templated":true}]}}